{"id":1950,"date":"2025-02-22T10:51:05","date_gmt":"2025-02-22T10:51:05","guid":{"rendered":"https:\/\/smoke-island.com\/mi-cuenta\/"},"modified":"2025-05-15T22:25:53","modified_gmt":"2025-05-15T22:25:53","slug":"mi-cuenta","status":"publish","type":"page","link":"https:\/\/smoke-island.com\/es\/mi-cuenta\/","title":{"rendered":"Mi cuenta"},"content":{"rendered":"\t\t<div data-elementor-type=\"wp-page\" data-elementor-id=\"1950\" class=\"elementor elementor-1950 elementor-10\" data-elementor-post-type=\"page\">\n\t\t\t\t<div class=\"elementor-element elementor-element-c5edd94 e-flex e-con-boxed e-con e-parent\" data-id=\"c5edd94\" data-element_type=\"container\" data-e-type=\"container\">\n\t\t\t\t\t<div class=\"e-con-inner\">\n\t\t\t\t<div class=\"elementor-element elementor-element-9e0e942 elementor-widget elementor-widget-spacer\" data-id=\"9e0e942\" data-element_type=\"widget\" data-e-type=\"widget\" data-widget_type=\"spacer.default\">\n\t\t\t\t<div class=\"elementor-widget-container\">\n\t\t\t\t\t\t\t<div class=\"elementor-spacer\">\n\t\t\t<div class=\"elementor-spacer-inner\"><\/div>\n\t\t<\/div>\n\t\t\t\t\t\t<\/div>\n\t\t\t\t<\/div>\n\t\t\t\t<div class=\"elementor-element elementor-element-7b41e4e e-my-account-tabs-vertical elementor-widget elementor-widget-woocommerce-my-account\" data-id=\"7b41e4e\" data-element_type=\"widget\" data-e-type=\"widget\" data-widget_type=\"woocommerce-my-account.default\">\n\t\t\t\t<div class=\"elementor-widget-container\">\n\t\t\t\t\t<div class=\"e-my-account-tab e-my-account-tab__ \">\t\t\t<div class=\"woocommerce\"><div class=\"woocommerce-notices-wrapper\"><\/div>\n\n<div class=\"u-columns col2-set\" id=\"customer_login\">\n\n\t<div class=\"u-column1 col-1\">\n\n\n\t\t<h2>Acceder<\/h2>\n\n\t\t<form class=\"woocommerce-form woocommerce-form-login login\" method=\"post\" novalidate>\n\n\t\t\t\n\t\t\t<p class=\"woocommerce-form-row woocommerce-form-row--wide form-row form-row-wide\">\n\t\t\t\t<label for=\"username\">Nombre de usuario o correo electr\u00f3nico&nbsp;<span class=\"required\" aria-hidden=\"true\">*<\/span><span class=\"screen-reader-text\">Obligatorio<\/span><\/label>\n\t\t\t\t<input type=\"text\" class=\"woocommerce-Input woocommerce-Input--text input-text\" name=\"username\" id=\"username\" autocomplete=\"username\" value=\"\" required aria-required=\"true\" \/>\t\t\t<\/p>\n\t\t\t<p class=\"woocommerce-form-row woocommerce-form-row--wide form-row form-row-wide\">\n\t\t\t\t<label for=\"password\">Contrase\u00f1a&nbsp;<span class=\"required\" aria-hidden=\"true\">*<\/span><span class=\"screen-reader-text\">Obligatorio<\/span><\/label>\n\t\t\t\t<input class=\"woocommerce-Input woocommerce-Input--text input-text\" type=\"password\" name=\"password\" id=\"password\" autocomplete=\"current-password\" required aria-required=\"true\" \/>\n\t\t\t<\/p>\n\n\t\t\t\n\t\t\t<p class=\"form-row\">\n\t\t\t\t<label class=\"woocommerce-form__label woocommerce-form__label-for-checkbox woocommerce-form-login__rememberme\">\n\t\t\t\t\t<input class=\"woocommerce-form__input woocommerce-form__input-checkbox\" name=\"rememberme\" type=\"checkbox\" id=\"rememberme\" value=\"forever\" \/> <span>Recu\u00e9rdame<\/span>\n\t\t\t\t<\/label>\n\t\t\t\t<input type=\"hidden\" id=\"woocommerce-login-nonce\" name=\"woocommerce-login-nonce\" value=\"ebebbc4221\" \/><input type=\"hidden\" name=\"_wp_http_referer\" value=\"\/es\/wp-json\/wp\/v2\/pages\/1950\" \/>\t\t\t\t<button type=\"submit\" class=\"woocommerce-button button woocommerce-form-login__submit\" name=\"login\" value=\"Acceso\">Acceso<\/button>\n\t\t\t<\/p>\n\t\t\t<p class=\"woocommerce-LostPassword lost_password\">\n\t\t\t\t<a href=\"https:\/\/smoke-island.com\/es\/mi-cuenta\/lost-password\/\">\u00bfOlvidaste la contrase\u00f1a?<\/a>\n\t\t\t<\/p>\n\n\t\t\t\n\t\t<\/form>\n\n\n\t<\/div>\n\n\t<div class=\"u-column2 col-2\">\n\n\t\t<h2>Registrarse<\/h2>\n\n\t\t<form method=\"post\" class=\"woocommerce-form woocommerce-form-register register\" enctype=\"multipart\/form-data\" >\n\n\t\t\t\n\t\t\t\n\t\t\t<p class=\"woocommerce-form-row woocommerce-form-row--wide form-row form-row-wide\">\n\t\t\t\t<label for=\"reg_email\">Direcci\u00f3n de correo electr\u00f3nico&nbsp;<span class=\"required\" aria-hidden=\"true\">*<\/span><span class=\"screen-reader-text\">Obligatorio<\/span><\/label>\n\t\t\t\t<input type=\"email\" class=\"woocommerce-Input woocommerce-Input--text input-text\" name=\"email\" id=\"reg_email\" autocomplete=\"email\" value=\"\" required aria-required=\"true\" \/>\t\t\t<\/p>\n\n\t\t\t\n\t\t\t\t<p>Se enviar\u00e1 un enlace a tu direcci\u00f3n de correo electr\u00f3nico para establecer una nueva contrase\u00f1a.<\/p>\n\n\t\t\t\n\t\t\t<p class=\"form-row \" id=\"b2b_uid_field\" data-priority=\"\"><label for=\"b2b_uid\" class=\"\">VAT-ID&nbsp;<span class=\"optional\">(opcional)<\/span><\/label><span class=\"woocommerce-input-wrapper\"><input type=\"text\" class=\"input-text \" name=\"b2b_uid\" id=\"b2b_uid\" placeholder=\"\"  value=\"\"  \/><\/span><\/p><p class=\"form-row \" id=\"b2b_company_registration_number_field\" data-priority=\"\"><label for=\"b2b_company_registration_number\" class=\"\">Company registration number&nbsp;<span class=\"optional\">(opcional)<\/span><\/label><span class=\"woocommerce-input-wrapper\"><input type=\"text\" class=\"input-text \" name=\"b2b_company_registration_number\" id=\"b2b_company_registration_number\" placeholder=\"\"  value=\"\"  \/><\/span><\/p>\t\t<p class=\"form-row b2b-upload-field\" id=\"b2b_upload_field\" data-priority=\"\">\n\t\t\t<label for=\"b2b_document_upload\" class=\"\">Document Upload (PDF, max. 800kb) <span>(optional)<\/span><\/label>\n\t\t\t<span class=\"woocommerce-input-wrapper\">\n\t\t\t\t<input type='file' name='b2b_document_upload' class=\"b2b-document-upload\" id='b2b_document_upload' accept='application\/pdf'>\n\t\t\t<\/span>\n\t\t<\/p>\n\t\t<wc-order-attribution-inputs><\/wc-order-attribution-inputs>\n\t\t\t<p class=\"woocommerce-form-row form-row\">\n\t\t\t\t<input type=\"hidden\" id=\"woocommerce-register-nonce\" name=\"woocommerce-register-nonce\" value=\"7f4878eef3\" \/><input type=\"hidden\" name=\"_wp_http_referer\" value=\"\/es\/wp-json\/wp\/v2\/pages\/1950\" \/>\t\t\t\t<button type=\"submit\" class=\"woocommerce-Button woocommerce-button button woocommerce-form-register__submit\" name=\"register\" value=\"Registrarse\">Registrarse<\/button>\n\t\t\t<\/p>\n\n\t\t\t\n\t\t<\/form>\n\n\t<\/div>\n\n<\/div>\n\n<\/div>\t\t<\/div>\n\t\t\t\t\t\t<\/div>\n\t\t\t\t<\/div>\n\t\t\t\t\t<\/div>\n\t\t\t\t<\/div>\n\t\t\t\t<\/div>\n\t\t","protected":false},"excerpt":{"rendered":"<p>\u00dcbersicht Bestellungen Downloads Adressen Kontoeinstellungen Ausloggen Hallo info@smoke-island.de (nicht info@smoke-island.de? Abmelden) In deiner Konto-\u00dcbersicht kannst du deine letzten Bestellungen ansehen, deine Liefer- und Rechnungsadresse verwalten und dein Passwort und die Kontodetails bearbeiten.<\/p>\n","protected":false},"author":2,"featured_media":0,"parent":0,"menu_order":0,"comment_status":"closed","ping_status":"closed","template":"elementor_header_footer","meta":{"footnotes":""},"class_list":["post-1950","page","type-page","status-publish","hentry"],"yoast_head":"<!-- This site is optimized with the Yoast SEO plugin v26.5 - https:\/\/yoast.com\/wordpress\/plugins\/seo\/ -->\n<title>Mi cuenta - smoke-island.com<\/title>\n<meta name=\"robots\" content=\"index, follow, max-snippet:-1, max-image-preview:large, max-video-preview:-1\" \/>\n<link rel=\"canonical\" href=\"https:\/\/smoke-island.com\/es\/mi-cuenta\/\" \/>\n<meta property=\"og:locale\" content=\"es_ES\" \/>\n<meta property=\"og:type\" content=\"article\" \/>\n<meta property=\"og:title\" content=\"Mi cuenta - smoke-island.com\" \/>\n<meta property=\"og:description\" content=\"\u00dcbersicht Bestellungen Downloads Adressen Kontoeinstellungen Ausloggen Hallo info@smoke-island.de (nicht info@smoke-island.de? Abmelden) In deiner Konto-\u00dcbersicht kannst du deine letzten Bestellungen ansehen, deine Liefer- und Rechnungsadresse verwalten und dein Passwort und die Kontodetails bearbeiten.\" \/>\n<meta property=\"og:url\" content=\"https:\/\/smoke-island.com\/es\/mi-cuenta\/\" \/>\n<meta property=\"og:site_name\" content=\"smoke-island.com\" \/>\n<meta property=\"article:publisher\" content=\"https:\/\/www.facebook.com\/smoke.island.gmbh\" \/>\n<meta property=\"article:modified_time\" content=\"2025-05-15T22:25:53+00:00\" \/>\n<meta name=\"twitter:card\" content=\"summary_large_image\" \/>\n<script type=\"application\/ld+json\" class=\"yoast-schema-graph\">{\"@context\":\"https:\/\/schema.org\",\"@graph\":[{\"@type\":\"WebPage\",\"@id\":\"https:\/\/smoke-island.com\/es\/mi-cuenta\/\",\"url\":\"https:\/\/smoke-island.com\/es\/mi-cuenta\/\",\"name\":\"Mi cuenta - smoke-island.com\",\"isPartOf\":{\"@id\":\"https:\/\/smoke-island.com\/es\/#website\"},\"datePublished\":\"2025-02-22T10:51:05+00:00\",\"dateModified\":\"2025-05-15T22:25:53+00:00\",\"breadcrumb\":{\"@id\":\"https:\/\/smoke-island.com\/es\/mi-cuenta\/#breadcrumb\"},\"inLanguage\":\"es\",\"potentialAction\":[{\"@type\":\"ReadAction\",\"target\":[\"https:\/\/smoke-island.com\/es\/mi-cuenta\/\"]}]},{\"@type\":\"BreadcrumbList\",\"@id\":\"https:\/\/smoke-island.com\/es\/mi-cuenta\/#breadcrumb\",\"itemListElement\":[{\"@type\":\"ListItem\",\"position\":1,\"name\":\"Startseite\",\"item\":\"https:\/\/smoke-island.com\/es\/\"},{\"@type\":\"ListItem\",\"position\":2,\"name\":\"Mi cuenta\"}]},{\"@type\":\"WebSite\",\"@id\":\"https:\/\/smoke-island.com\/es\/#website\",\"url\":\"https:\/\/smoke-island.com\/es\/\",\"name\":\"smoke-island.com\",\"description\":\"\",\"publisher\":{\"@id\":\"https:\/\/smoke-island.com\/es\/#organization\"},\"potentialAction\":[{\"@type\":\"SearchAction\",\"target\":{\"@type\":\"EntryPoint\",\"urlTemplate\":\"https:\/\/smoke-island.com\/es\/?s={search_term_string}\"},\"query-input\":{\"@type\":\"PropertyValueSpecification\",\"valueRequired\":true,\"valueName\":\"search_term_string\"}}],\"inLanguage\":\"es\"},{\"@type\":\"Organization\",\"@id\":\"https:\/\/smoke-island.com\/es\/#organization\",\"name\":\"Smoke Island\",\"url\":\"https:\/\/smoke-island.com\/es\/\",\"logo\":{\"@type\":\"ImageObject\",\"inLanguage\":\"es\",\"@id\":\"https:\/\/smoke-island.com\/es\/#\/schema\/logo\/image\/\",\"url\":\"https:\/\/smoke-island.com\/wp-content\/uploads\/2025\/04\/faviconsmokeisland.png\",\"contentUrl\":\"https:\/\/smoke-island.com\/wp-content\/uploads\/2025\/04\/faviconsmokeisland.png\",\"width\":300,\"height\":300,\"caption\":\"Smoke Island\"},\"image\":{\"@id\":\"https:\/\/smoke-island.com\/es\/#\/schema\/logo\/image\/\"},\"sameAs\":[\"https:\/\/www.facebook.com\/smoke.island.gmbh\",\"https:\/\/www.instagram.com\/smokeislandofficial\/\"]}]}<\/script>\n<!-- \/ Yoast SEO plugin. -->","yoast_head_json":{"title":"Mi cuenta - smoke-island.com","robots":{"index":"index","follow":"follow","max-snippet":"max-snippet:-1","max-image-preview":"max-image-preview:large","max-video-preview":"max-video-preview:-1"},"canonical":"https:\/\/smoke-island.com\/es\/mi-cuenta\/","og_locale":"es_ES","og_type":"article","og_title":"Mi cuenta - smoke-island.com","og_description":"\u00dcbersicht Bestellungen Downloads Adressen Kontoeinstellungen Ausloggen Hallo info@smoke-island.de (nicht info@smoke-island.de? Abmelden) In deiner Konto-\u00dcbersicht kannst du deine letzten Bestellungen ansehen, deine Liefer- und Rechnungsadresse verwalten und dein Passwort und die Kontodetails bearbeiten.","og_url":"https:\/\/smoke-island.com\/es\/mi-cuenta\/","og_site_name":"smoke-island.com","article_publisher":"https:\/\/www.facebook.com\/smoke.island.gmbh","article_modified_time":"2025-05-15T22:25:53+00:00","twitter_card":"summary_large_image","schema":{"@context":"https:\/\/schema.org","@graph":[{"@type":"WebPage","@id":"https:\/\/smoke-island.com\/es\/mi-cuenta\/","url":"https:\/\/smoke-island.com\/es\/mi-cuenta\/","name":"Mi cuenta - smoke-island.com","isPartOf":{"@id":"https:\/\/smoke-island.com\/es\/#website"},"datePublished":"2025-02-22T10:51:05+00:00","dateModified":"2025-05-15T22:25:53+00:00","breadcrumb":{"@id":"https:\/\/smoke-island.com\/es\/mi-cuenta\/#breadcrumb"},"inLanguage":"es","potentialAction":[{"@type":"ReadAction","target":["https:\/\/smoke-island.com\/es\/mi-cuenta\/"]}]},{"@type":"BreadcrumbList","@id":"https:\/\/smoke-island.com\/es\/mi-cuenta\/#breadcrumb","itemListElement":[{"@type":"ListItem","position":1,"name":"Startseite","item":"https:\/\/smoke-island.com\/es\/"},{"@type":"ListItem","position":2,"name":"Mi cuenta"}]},{"@type":"WebSite","@id":"https:\/\/smoke-island.com\/es\/#website","url":"https:\/\/smoke-island.com\/es\/","name":"smoke-island.com","description":"","publisher":{"@id":"https:\/\/smoke-island.com\/es\/#organization"},"potentialAction":[{"@type":"SearchAction","target":{"@type":"EntryPoint","urlTemplate":"https:\/\/smoke-island.com\/es\/?s={search_term_string}"},"query-input":{"@type":"PropertyValueSpecification","valueRequired":true,"valueName":"search_term_string"}}],"inLanguage":"es"},{"@type":"Organization","@id":"https:\/\/smoke-island.com\/es\/#organization","name":"Smoke Island","url":"https:\/\/smoke-island.com\/es\/","logo":{"@type":"ImageObject","inLanguage":"es","@id":"https:\/\/smoke-island.com\/es\/#\/schema\/logo\/image\/","url":"https:\/\/smoke-island.com\/wp-content\/uploads\/2025\/04\/faviconsmokeisland.png","contentUrl":"https:\/\/smoke-island.com\/wp-content\/uploads\/2025\/04\/faviconsmokeisland.png","width":300,"height":300,"caption":"Smoke Island"},"image":{"@id":"https:\/\/smoke-island.com\/es\/#\/schema\/logo\/image\/"},"sameAs":["https:\/\/www.facebook.com\/smoke.island.gmbh","https:\/\/www.instagram.com\/smokeislandofficial\/"]}]}},"_links":{"self":[{"href":"https:\/\/smoke-island.com\/es\/wp-json\/wp\/v2\/pages\/1950","targetHints":{"allow":["GET"]}}],"collection":[{"href":"https:\/\/smoke-island.com\/es\/wp-json\/wp\/v2\/pages"}],"about":[{"href":"https:\/\/smoke-island.com\/es\/wp-json\/wp\/v2\/types\/page"}],"author":[{"embeddable":true,"href":"https:\/\/smoke-island.com\/es\/wp-json\/wp\/v2\/users\/2"}],"replies":[{"embeddable":true,"href":"https:\/\/smoke-island.com\/es\/wp-json\/wp\/v2\/comments?post=1950"}],"version-history":[{"count":0,"href":"https:\/\/smoke-island.com\/es\/wp-json\/wp\/v2\/pages\/1950\/revisions"}],"wp:attachment":[{"href":"https:\/\/smoke-island.com\/es\/wp-json\/wp\/v2\/media?parent=1950"}],"curies":[{"name":"wp","href":"https:\/\/api.w.org\/{rel}","templated":true}]}}