{"id":2980,"date":"2025-02-22T10:51:26","date_gmt":"2025-02-22T10:51:26","guid":{"rendered":"https:\/\/smoke-island.com\/pie-de-imprenta\/"},"modified":"2025-05-15T22:27:25","modified_gmt":"2025-05-15T22:27:25","slug":"pie-de-imprenta","status":"publish","type":"page","link":"https:\/\/smoke-island.com\/es\/pie-de-imprenta\/","title":{"rendered":"Pie de imprenta"},"content":{"rendered":"\t\t<div data-elementor-type=\"wp-page\" data-elementor-id=\"2980\" class=\"elementor elementor-2980 elementor-14\" data-elementor-post-type=\"page\">\n\t\t\t\t<div class=\"elementor-element elementor-element-c5a1db0 e-flex e-con-boxed e-con e-parent\" data-id=\"c5a1db0\" data-element_type=\"container\" data-e-type=\"container\">\n\t\t\t\t\t<div class=\"e-con-inner\">\n\t\t\t\t<div class=\"elementor-element elementor-element-7a9215b elementor-widget elementor-widget-spacer\" data-id=\"7a9215b\" data-element_type=\"widget\" data-e-type=\"widget\" data-widget_type=\"spacer.default\">\n\t\t\t\t<div class=\"elementor-widget-container\">\n\t\t\t\t\t\t\t<div class=\"elementor-spacer\">\n\t\t\t<div class=\"elementor-spacer-inner\"><\/div>\n\t\t<\/div>\n\t\t\t\t\t\t<\/div>\n\t\t\t\t<\/div>\n\t\t\t\t<div class=\"elementor-element elementor-element-faa5968 elementor-widget elementor-widget-heading\" data-id=\"faa5968\" data-element_type=\"widget\" data-e-type=\"widget\" data-widget_type=\"heading.default\">\n\t\t\t\t<div class=\"elementor-widget-container\">\n\t\t\t\t\t<h2 class=\"elementor-heading-title elementor-size-default\">Pie de imprenta<\/h2>\t\t\t\t<\/div>\n\t\t\t\t<\/div>\n\t\t\t\t<div class=\"elementor-element elementor-element-c2d2788 elementor-widget elementor-widget-text-editor\" data-id=\"c2d2788\" data-element_type=\"widget\" data-e-type=\"widget\" data-widget_type=\"text-editor.default\">\n\t\t\t\t<div class=\"elementor-widget-container\">\n\t\t\t\t\t\t\t\t\t<h2>Propietario: Deniz Celik<\/h2><p>N\u00famero de patente: 10 2019 132 628<\/p><p> <\/p><h3>Identificaci\u00f3n legal del proveedor:<\/h3><p>Isla de Humo GmbH<\/p><p>representan. d. d. Director General Atahan Kaan<br>Diebacher Str. 11c<br>90449 Nuremberg<br>Alemania<\/p><p>Tel\u00e9fono: 091161042084<br>Fax: 091137718671<\/p><p>Correo electr\u00f3nico: info@smoke-island.de<\/p><p>CIF: DE327441150<\/p><p>Inscrita en el registro mercantil del Juzgado de Primera Instancia de N\u00faremberg<br>N\u00famero de registro mercantil HRB 36916<\/p><p>Resoluci\u00f3n alternativa de litigios:<br>La Comisi\u00f3n Europea ofrece una plataforma para la resoluci\u00f3n extrajudicial de litigios en l\u00ednea (plataforma ODR), disponible en <a href=\"https:\/\/ec.europa.eu\/odr\">https:\/\/ec.europa.eu\/odr.<\/a><\/p><p>Somos miembros de la iniciativa \u00abFairCommerce\u00bb desde el 24 de marzo de 2021.<br>Puedes encontrar m\u00e1s informaci\u00f3n al respecto en <a href=\"http:\/\/www.haendlerbund.de\/faircommerce.\">www.haendlerbund.de\/faircommerce.<\/a><\/p>\t\t\t\t\t\t\t\t<\/div>\n\t\t\t\t<\/div>\n\t\t\t\t<div class=\"elementor-element elementor-element-167a005 elementor-widget elementor-widget-spacer\" data-id=\"167a005\" data-element_type=\"widget\" data-e-type=\"widget\" data-widget_type=\"spacer.default\">\n\t\t\t\t<div class=\"elementor-widget-container\">\n\t\t\t\t\t\t\t<div class=\"elementor-spacer\">\n\t\t\t<div class=\"elementor-spacer-inner\"><\/div>\n\t\t<\/div>\n\t\t\t\t\t\t<\/div>\n\t\t\t\t<\/div>\n\t\t\t\t\t<\/div>\n\t\t\t\t<\/div>\n\t\t\t\t<\/div>\n\t\t","protected":false},"excerpt":{"rendered":"<p>Pie de imprenta Propietario: Deniz Celik N\u00famero de patente: 10 2019 132 628 Identificaci\u00f3n legal del proveedor: Isla de Humo GmbH representan. d. d. Director General Atahan KaanDiebacher Str. 11c90449 NurembergAlemania Tel\u00e9fono: 091161042084Fax: 091137718671 Correo electr\u00f3nico: info@smoke-island.de CIF: DE327441150 Inscrita en el registro mercantil del Juzgado de Primera Instancia de N\u00farembergN\u00famero de registro mercantil HRB [&hellip;]<\/p>\n","protected":false},"author":1,"featured_media":0,"parent":0,"menu_order":0,"comment_status":"closed","ping_status":"closed","template":"elementor_header_footer","meta":{"footnotes":""},"class_list":["post-2980","page","type-page","status-publish","hentry"],"yoast_head":"<!-- This site is optimized with the Yoast SEO plugin v26.5 - https:\/\/yoast.com\/wordpress\/plugins\/seo\/ -->\n<title>Pie de imprenta - smoke-island.com<\/title>\n<meta name=\"robots\" content=\"index, follow, max-snippet:-1, max-image-preview:large, max-video-preview:-1\" \/>\n<link rel=\"canonical\" href=\"https:\/\/smoke-island.com\/es\/pie-de-imprenta\/\" \/>\n<meta property=\"og:locale\" content=\"es_ES\" \/>\n<meta property=\"og:type\" content=\"article\" \/>\n<meta property=\"og:title\" content=\"Pie de imprenta - smoke-island.com\" \/>\n<meta property=\"og:description\" content=\"Pie de imprenta Propietario: Deniz Celik N\u00famero de patente: 10 2019 132 628 Identificaci\u00f3n legal del proveedor: Isla de Humo GmbH representan. d. d. Director General Atahan KaanDiebacher Str. 11c90449 NurembergAlemania Tel\u00e9fono: 091161042084Fax: 091137718671 Correo electr\u00f3nico: info@smoke-island.de CIF: DE327441150 Inscrita en el registro mercantil del Juzgado de Primera Instancia de N\u00farembergN\u00famero de registro mercantil HRB [&hellip;]\" \/>\n<meta property=\"og:url\" content=\"https:\/\/smoke-island.com\/es\/pie-de-imprenta\/\" \/>\n<meta property=\"og:site_name\" content=\"smoke-island.com\" \/>\n<meta property=\"article:publisher\" content=\"https:\/\/www.facebook.com\/smoke.island.gmbh\" \/>\n<meta property=\"article:modified_time\" content=\"2025-05-15T22:27:25+00:00\" \/>\n<meta name=\"twitter:card\" content=\"summary_large_image\" \/>\n<meta name=\"twitter:label1\" content=\"Tiempo de lectura\" \/>\n\t<meta name=\"twitter:data1\" content=\"1 minuto\" \/>\n<script type=\"application\/ld+json\" class=\"yoast-schema-graph\">{\"@context\":\"https:\/\/schema.org\",\"@graph\":[{\"@type\":\"WebPage\",\"@id\":\"https:\/\/smoke-island.com\/es\/pie-de-imprenta\/\",\"url\":\"https:\/\/smoke-island.com\/es\/pie-de-imprenta\/\",\"name\":\"Pie de imprenta - smoke-island.com\",\"isPartOf\":{\"@id\":\"https:\/\/smoke-island.com\/es\/#website\"},\"datePublished\":\"2025-02-22T10:51:26+00:00\",\"dateModified\":\"2025-05-15T22:27:25+00:00\",\"breadcrumb\":{\"@id\":\"https:\/\/smoke-island.com\/es\/pie-de-imprenta\/#breadcrumb\"},\"inLanguage\":\"es\",\"potentialAction\":[{\"@type\":\"ReadAction\",\"target\":[\"https:\/\/smoke-island.com\/es\/pie-de-imprenta\/\"]}]},{\"@type\":\"BreadcrumbList\",\"@id\":\"https:\/\/smoke-island.com\/es\/pie-de-imprenta\/#breadcrumb\",\"itemListElement\":[{\"@type\":\"ListItem\",\"position\":1,\"name\":\"Startseite\",\"item\":\"https:\/\/smoke-island.com\/es\/\"},{\"@type\":\"ListItem\",\"position\":2,\"name\":\"Pie de imprenta\"}]},{\"@type\":\"WebSite\",\"@id\":\"https:\/\/smoke-island.com\/es\/#website\",\"url\":\"https:\/\/smoke-island.com\/es\/\",\"name\":\"smoke-island.com\",\"description\":\"\",\"publisher\":{\"@id\":\"https:\/\/smoke-island.com\/es\/#organization\"},\"potentialAction\":[{\"@type\":\"SearchAction\",\"target\":{\"@type\":\"EntryPoint\",\"urlTemplate\":\"https:\/\/smoke-island.com\/es\/?s={search_term_string}\"},\"query-input\":{\"@type\":\"PropertyValueSpecification\",\"valueRequired\":true,\"valueName\":\"search_term_string\"}}],\"inLanguage\":\"es\"},{\"@type\":\"Organization\",\"@id\":\"https:\/\/smoke-island.com\/es\/#organization\",\"name\":\"Smoke Island\",\"url\":\"https:\/\/smoke-island.com\/es\/\",\"logo\":{\"@type\":\"ImageObject\",\"inLanguage\":\"es\",\"@id\":\"https:\/\/smoke-island.com\/es\/#\/schema\/logo\/image\/\",\"url\":\"https:\/\/smoke-island.com\/wp-content\/uploads\/2025\/04\/faviconsmokeisland.png\",\"contentUrl\":\"https:\/\/smoke-island.com\/wp-content\/uploads\/2025\/04\/faviconsmokeisland.png\",\"width\":300,\"height\":300,\"caption\":\"Smoke Island\"},\"image\":{\"@id\":\"https:\/\/smoke-island.com\/es\/#\/schema\/logo\/image\/\"},\"sameAs\":[\"https:\/\/www.facebook.com\/smoke.island.gmbh\",\"https:\/\/www.instagram.com\/smokeislandofficial\/\"]}]}<\/script>\n<!-- \/ Yoast SEO plugin. -->","yoast_head_json":{"title":"Pie de imprenta - smoke-island.com","robots":{"index":"index","follow":"follow","max-snippet":"max-snippet:-1","max-image-preview":"max-image-preview:large","max-video-preview":"max-video-preview:-1"},"canonical":"https:\/\/smoke-island.com\/es\/pie-de-imprenta\/","og_locale":"es_ES","og_type":"article","og_title":"Pie de imprenta - smoke-island.com","og_description":"Pie de imprenta Propietario: Deniz Celik N\u00famero de patente: 10 2019 132 628 Identificaci\u00f3n legal del proveedor: Isla de Humo GmbH representan. d. d. Director General Atahan KaanDiebacher Str. 11c90449 NurembergAlemania Tel\u00e9fono: 091161042084Fax: 091137718671 Correo electr\u00f3nico: info@smoke-island.de CIF: DE327441150 Inscrita en el registro mercantil del Juzgado de Primera Instancia de N\u00farembergN\u00famero de registro mercantil HRB [&hellip;]","og_url":"https:\/\/smoke-island.com\/es\/pie-de-imprenta\/","og_site_name":"smoke-island.com","article_publisher":"https:\/\/www.facebook.com\/smoke.island.gmbh","article_modified_time":"2025-05-15T22:27:25+00:00","twitter_card":"summary_large_image","twitter_misc":{"Tiempo de lectura":"1 minuto"},"schema":{"@context":"https:\/\/schema.org","@graph":[{"@type":"WebPage","@id":"https:\/\/smoke-island.com\/es\/pie-de-imprenta\/","url":"https:\/\/smoke-island.com\/es\/pie-de-imprenta\/","name":"Pie de imprenta - smoke-island.com","isPartOf":{"@id":"https:\/\/smoke-island.com\/es\/#website"},"datePublished":"2025-02-22T10:51:26+00:00","dateModified":"2025-05-15T22:27:25+00:00","breadcrumb":{"@id":"https:\/\/smoke-island.com\/es\/pie-de-imprenta\/#breadcrumb"},"inLanguage":"es","potentialAction":[{"@type":"ReadAction","target":["https:\/\/smoke-island.com\/es\/pie-de-imprenta\/"]}]},{"@type":"BreadcrumbList","@id":"https:\/\/smoke-island.com\/es\/pie-de-imprenta\/#breadcrumb","itemListElement":[{"@type":"ListItem","position":1,"name":"Startseite","item":"https:\/\/smoke-island.com\/es\/"},{"@type":"ListItem","position":2,"name":"Pie de imprenta"}]},{"@type":"WebSite","@id":"https:\/\/smoke-island.com\/es\/#website","url":"https:\/\/smoke-island.com\/es\/","name":"smoke-island.com","description":"","publisher":{"@id":"https:\/\/smoke-island.com\/es\/#organization"},"potentialAction":[{"@type":"SearchAction","target":{"@type":"EntryPoint","urlTemplate":"https:\/\/smoke-island.com\/es\/?s={search_term_string}"},"query-input":{"@type":"PropertyValueSpecification","valueRequired":true,"valueName":"search_term_string"}}],"inLanguage":"es"},{"@type":"Organization","@id":"https:\/\/smoke-island.com\/es\/#organization","name":"Smoke Island","url":"https:\/\/smoke-island.com\/es\/","logo":{"@type":"ImageObject","inLanguage":"es","@id":"https:\/\/smoke-island.com\/es\/#\/schema\/logo\/image\/","url":"https:\/\/smoke-island.com\/wp-content\/uploads\/2025\/04\/faviconsmokeisland.png","contentUrl":"https:\/\/smoke-island.com\/wp-content\/uploads\/2025\/04\/faviconsmokeisland.png","width":300,"height":300,"caption":"Smoke Island"},"image":{"@id":"https:\/\/smoke-island.com\/es\/#\/schema\/logo\/image\/"},"sameAs":["https:\/\/www.facebook.com\/smoke.island.gmbh","https:\/\/www.instagram.com\/smokeislandofficial\/"]}]}},"_links":{"self":[{"href":"https:\/\/smoke-island.com\/es\/wp-json\/wp\/v2\/pages\/2980","targetHints":{"allow":["GET"]}}],"collection":[{"href":"https:\/\/smoke-island.com\/es\/wp-json\/wp\/v2\/pages"}],"about":[{"href":"https:\/\/smoke-island.com\/es\/wp-json\/wp\/v2\/types\/page"}],"author":[{"embeddable":true,"href":"https:\/\/smoke-island.com\/es\/wp-json\/wp\/v2\/users\/1"}],"replies":[{"embeddable":true,"href":"https:\/\/smoke-island.com\/es\/wp-json\/wp\/v2\/comments?post=2980"}],"version-history":[{"count":2,"href":"https:\/\/smoke-island.com\/es\/wp-json\/wp\/v2\/pages\/2980\/revisions"}],"predecessor-version":[{"id":2982,"href":"https:\/\/smoke-island.com\/es\/wp-json\/wp\/v2\/pages\/2980\/revisions\/2982"}],"wp:attachment":[{"href":"https:\/\/smoke-island.com\/es\/wp-json\/wp\/v2\/media?parent=2980"}],"curies":[{"name":"wp","href":"https:\/\/api.w.org\/{rel}","templated":true}]}}