{"id":3001,"date":"2025-02-22T10:51:26","date_gmt":"2025-02-22T10:51:26","guid":{"rendered":"https:\/\/smoke-island.com\/metodos-de-envio\/"},"modified":"2025-05-15T22:27:32","modified_gmt":"2025-05-15T22:27:32","slug":"metodos-de-envio","status":"publish","type":"page","link":"https:\/\/smoke-island.com\/es\/metodos-de-envio\/","title":{"rendered":"M\u00e9todos de env\u00edo"},"content":{"rendered":"\t\t<div data-elementor-type=\"wp-page\" data-elementor-id=\"3001\" class=\"elementor elementor-3001 elementor-18\" data-elementor-post-type=\"page\">\n\t\t\t\t<div class=\"elementor-element elementor-element-f728b81 e-flex e-con-boxed e-con e-parent\" data-id=\"f728b81\" data-element_type=\"container\" data-e-type=\"container\">\n\t\t\t\t\t<div class=\"e-con-inner\">\n\t\t\t\t<div class=\"elementor-element elementor-element-7557eea elementor-widget elementor-widget-spacer\" data-id=\"7557eea\" data-element_type=\"widget\" data-e-type=\"widget\" data-widget_type=\"spacer.default\">\n\t\t\t\t<div class=\"elementor-widget-container\">\n\t\t\t\t\t\t\t<div class=\"elementor-spacer\">\n\t\t\t<div class=\"elementor-spacer-inner\"><\/div>\n\t\t<\/div>\n\t\t\t\t\t\t<\/div>\n\t\t\t\t<\/div>\n\t\t\t\t<div class=\"elementor-element elementor-element-1895153 elementor-widget elementor-widget-heading\" data-id=\"1895153\" data-element_type=\"widget\" data-e-type=\"widget\" data-widget_type=\"heading.default\">\n\t\t\t\t<div class=\"elementor-widget-container\">\n\t\t\t\t\t<h2 class=\"elementor-heading-title elementor-size-default\">Informaci\u00f3n de env\u00edo<\/h2>\t\t\t\t<\/div>\n\t\t\t\t<\/div>\n\t\t\t\t<div class=\"elementor-element elementor-element-5b31fa6 elementor-widget elementor-widget-text-editor\" data-id=\"5b31fa6\" data-element_type=\"widget\" data-e-type=\"widget\" data-widget_type=\"text-editor.default\">\n\t\t\t\t<div class=\"elementor-widget-container\">\n\t\t\t\t\t\t\t\t\t<p> <\/p><h2>Condiciones de env\u00edo<\/h2><p>La mercanc\u00eda se entrega en toda Alemania<\/p><h3>Gastos de env\u00edo dentro de Alemania (IVA incluido)<\/h3><p>DHL &#8211; 8,99 \u20ac<br>Env\u00edo gratuito &#8211; a partir de un valor de mercanc\u00eda de 100,00 \u20ac.<\/p><h3>Entregas UE &#8211; no UE:<\/h3><p>UPS &#8211; 10,99 \u20ac (EU)<\/p><p>UPS &#8211; 19,99 \u20ac (fuera de la UE)<\/p><h2>Plazos de entrega<\/h2><p>Si no se especifica otro plazo en la oferta correspondiente, la mercanc\u00eda se entregar\u00e1 en un plazo de 2 a 5 d\u00edas laborables en Alemania y de 5 a 15 d\u00edas laborables para las entregas en el extranjero (dependiendo del pa\u00eds).<\/p><p>Todos los pedidos recibidos antes de las 17:00 se enviar\u00e1n al d\u00eda siguiente.<\/p><p>Ten en cuenta que los domingos y festivos no se realizan entregas ni env\u00edos.<\/p><p>Los gastos de env\u00edo s\u00f3lo se pueden determinar cuando los art\u00edculos est\u00e1n en la cesta de la compra.<\/p>\t\t\t\t\t\t\t\t<\/div>\n\t\t\t\t<\/div>\n\t\t\t\t<div class=\"elementor-element elementor-element-e0a6234 elementor-widget elementor-widget-spacer\" data-id=\"e0a6234\" data-element_type=\"widget\" data-e-type=\"widget\" data-widget_type=\"spacer.default\">\n\t\t\t\t<div class=\"elementor-widget-container\">\n\t\t\t\t\t\t\t<div class=\"elementor-spacer\">\n\t\t\t<div class=\"elementor-spacer-inner\"><\/div>\n\t\t<\/div>\n\t\t\t\t\t\t<\/div>\n\t\t\t\t<\/div>\n\t\t\t\t\t<\/div>\n\t\t\t\t<\/div>\n\t\t\t\t<\/div>\n\t\t","protected":false},"excerpt":{"rendered":"<p>Informaci\u00f3n de env\u00edo Condiciones de env\u00edo La mercanc\u00eda se entrega en toda Alemania Gastos de env\u00edo dentro de Alemania (IVA incluido) DHL &#8211; 8,99 \u20acEnv\u00edo gratuito &#8211; a partir de un valor de mercanc\u00eda de 100,00 \u20ac. Entregas UE &#8211; no UE: UPS &#8211; 10,99 \u20ac (EU) UPS &#8211; 19,99 \u20ac (fuera de la UE) [&hellip;]<\/p>\n","protected":false},"author":1,"featured_media":0,"parent":0,"menu_order":0,"comment_status":"closed","ping_status":"closed","template":"elementor_header_footer","meta":{"footnotes":""},"class_list":["post-3001","page","type-page","status-publish","hentry"],"yoast_head":"<!-- This site is optimized with the Yoast SEO plugin v26.5 - https:\/\/yoast.com\/wordpress\/plugins\/seo\/ -->\n<title>M\u00e9todos de env\u00edo - smoke-island.com<\/title>\n<meta name=\"robots\" content=\"index, follow, max-snippet:-1, max-image-preview:large, max-video-preview:-1\" \/>\n<link rel=\"canonical\" href=\"https:\/\/smoke-island.com\/es\/metodos-de-envio\/\" \/>\n<meta property=\"og:locale\" content=\"es_ES\" \/>\n<meta property=\"og:type\" content=\"article\" \/>\n<meta property=\"og:title\" content=\"M\u00e9todos de env\u00edo - smoke-island.com\" \/>\n<meta property=\"og:description\" content=\"Informaci\u00f3n de env\u00edo Condiciones de env\u00edo La mercanc\u00eda se entrega en toda Alemania Gastos de env\u00edo dentro de Alemania (IVA incluido) DHL &#8211; 8,99 \u20acEnv\u00edo gratuito &#8211; a partir de un valor de mercanc\u00eda de 100,00 \u20ac. Entregas UE &#8211; no UE: UPS &#8211; 10,99 \u20ac (EU) UPS &#8211; 19,99 \u20ac (fuera de la UE) [&hellip;]\" \/>\n<meta property=\"og:url\" content=\"https:\/\/smoke-island.com\/es\/metodos-de-envio\/\" \/>\n<meta property=\"og:site_name\" content=\"smoke-island.com\" \/>\n<meta property=\"article:publisher\" content=\"https:\/\/www.facebook.com\/smoke.island.gmbh\" \/>\n<meta property=\"article:modified_time\" content=\"2025-05-15T22:27:32+00:00\" \/>\n<meta name=\"twitter:card\" content=\"summary_large_image\" \/>\n<meta name=\"twitter:label1\" content=\"Tiempo de lectura\" \/>\n\t<meta name=\"twitter:data1\" content=\"1 minuto\" \/>\n<script type=\"application\/ld+json\" class=\"yoast-schema-graph\">{\"@context\":\"https:\/\/schema.org\",\"@graph\":[{\"@type\":\"WebPage\",\"@id\":\"https:\/\/smoke-island.com\/es\/metodos-de-envio\/\",\"url\":\"https:\/\/smoke-island.com\/es\/metodos-de-envio\/\",\"name\":\"M\u00e9todos de env\u00edo - smoke-island.com\",\"isPartOf\":{\"@id\":\"https:\/\/smoke-island.com\/es\/#website\"},\"datePublished\":\"2025-02-22T10:51:26+00:00\",\"dateModified\":\"2025-05-15T22:27:32+00:00\",\"breadcrumb\":{\"@id\":\"https:\/\/smoke-island.com\/es\/metodos-de-envio\/#breadcrumb\"},\"inLanguage\":\"es\",\"potentialAction\":[{\"@type\":\"ReadAction\",\"target\":[\"https:\/\/smoke-island.com\/es\/metodos-de-envio\/\"]}]},{\"@type\":\"BreadcrumbList\",\"@id\":\"https:\/\/smoke-island.com\/es\/metodos-de-envio\/#breadcrumb\",\"itemListElement\":[{\"@type\":\"ListItem\",\"position\":1,\"name\":\"Startseite\",\"item\":\"https:\/\/smoke-island.com\/es\/\"},{\"@type\":\"ListItem\",\"position\":2,\"name\":\"M\u00e9todos de env\u00edo\"}]},{\"@type\":\"WebSite\",\"@id\":\"https:\/\/smoke-island.com\/es\/#website\",\"url\":\"https:\/\/smoke-island.com\/es\/\",\"name\":\"smoke-island.com\",\"description\":\"\",\"publisher\":{\"@id\":\"https:\/\/smoke-island.com\/es\/#organization\"},\"potentialAction\":[{\"@type\":\"SearchAction\",\"target\":{\"@type\":\"EntryPoint\",\"urlTemplate\":\"https:\/\/smoke-island.com\/es\/?s={search_term_string}\"},\"query-input\":{\"@type\":\"PropertyValueSpecification\",\"valueRequired\":true,\"valueName\":\"search_term_string\"}}],\"inLanguage\":\"es\"},{\"@type\":\"Organization\",\"@id\":\"https:\/\/smoke-island.com\/es\/#organization\",\"name\":\"Smoke Island\",\"url\":\"https:\/\/smoke-island.com\/es\/\",\"logo\":{\"@type\":\"ImageObject\",\"inLanguage\":\"es\",\"@id\":\"https:\/\/smoke-island.com\/es\/#\/schema\/logo\/image\/\",\"url\":\"https:\/\/smoke-island.com\/wp-content\/uploads\/2025\/04\/faviconsmokeisland.png\",\"contentUrl\":\"https:\/\/smoke-island.com\/wp-content\/uploads\/2025\/04\/faviconsmokeisland.png\",\"width\":300,\"height\":300,\"caption\":\"Smoke Island\"},\"image\":{\"@id\":\"https:\/\/smoke-island.com\/es\/#\/schema\/logo\/image\/\"},\"sameAs\":[\"https:\/\/www.facebook.com\/smoke.island.gmbh\",\"https:\/\/www.instagram.com\/smokeislandofficial\/\"]}]}<\/script>\n<!-- \/ Yoast SEO plugin. -->","yoast_head_json":{"title":"M\u00e9todos de env\u00edo - smoke-island.com","robots":{"index":"index","follow":"follow","max-snippet":"max-snippet:-1","max-image-preview":"max-image-preview:large","max-video-preview":"max-video-preview:-1"},"canonical":"https:\/\/smoke-island.com\/es\/metodos-de-envio\/","og_locale":"es_ES","og_type":"article","og_title":"M\u00e9todos de env\u00edo - smoke-island.com","og_description":"Informaci\u00f3n de env\u00edo Condiciones de env\u00edo La mercanc\u00eda se entrega en toda Alemania Gastos de env\u00edo dentro de Alemania (IVA incluido) DHL &#8211; 8,99 \u20acEnv\u00edo gratuito &#8211; a partir de un valor de mercanc\u00eda de 100,00 \u20ac. Entregas UE &#8211; no UE: UPS &#8211; 10,99 \u20ac (EU) UPS &#8211; 19,99 \u20ac (fuera de la UE) [&hellip;]","og_url":"https:\/\/smoke-island.com\/es\/metodos-de-envio\/","og_site_name":"smoke-island.com","article_publisher":"https:\/\/www.facebook.com\/smoke.island.gmbh","article_modified_time":"2025-05-15T22:27:32+00:00","twitter_card":"summary_large_image","twitter_misc":{"Tiempo de lectura":"1 minuto"},"schema":{"@context":"https:\/\/schema.org","@graph":[{"@type":"WebPage","@id":"https:\/\/smoke-island.com\/es\/metodos-de-envio\/","url":"https:\/\/smoke-island.com\/es\/metodos-de-envio\/","name":"M\u00e9todos de env\u00edo - smoke-island.com","isPartOf":{"@id":"https:\/\/smoke-island.com\/es\/#website"},"datePublished":"2025-02-22T10:51:26+00:00","dateModified":"2025-05-15T22:27:32+00:00","breadcrumb":{"@id":"https:\/\/smoke-island.com\/es\/metodos-de-envio\/#breadcrumb"},"inLanguage":"es","potentialAction":[{"@type":"ReadAction","target":["https:\/\/smoke-island.com\/es\/metodos-de-envio\/"]}]},{"@type":"BreadcrumbList","@id":"https:\/\/smoke-island.com\/es\/metodos-de-envio\/#breadcrumb","itemListElement":[{"@type":"ListItem","position":1,"name":"Startseite","item":"https:\/\/smoke-island.com\/es\/"},{"@type":"ListItem","position":2,"name":"M\u00e9todos de env\u00edo"}]},{"@type":"WebSite","@id":"https:\/\/smoke-island.com\/es\/#website","url":"https:\/\/smoke-island.com\/es\/","name":"smoke-island.com","description":"","publisher":{"@id":"https:\/\/smoke-island.com\/es\/#organization"},"potentialAction":[{"@type":"SearchAction","target":{"@type":"EntryPoint","urlTemplate":"https:\/\/smoke-island.com\/es\/?s={search_term_string}"},"query-input":{"@type":"PropertyValueSpecification","valueRequired":true,"valueName":"search_term_string"}}],"inLanguage":"es"},{"@type":"Organization","@id":"https:\/\/smoke-island.com\/es\/#organization","name":"Smoke Island","url":"https:\/\/smoke-island.com\/es\/","logo":{"@type":"ImageObject","inLanguage":"es","@id":"https:\/\/smoke-island.com\/es\/#\/schema\/logo\/image\/","url":"https:\/\/smoke-island.com\/wp-content\/uploads\/2025\/04\/faviconsmokeisland.png","contentUrl":"https:\/\/smoke-island.com\/wp-content\/uploads\/2025\/04\/faviconsmokeisland.png","width":300,"height":300,"caption":"Smoke Island"},"image":{"@id":"https:\/\/smoke-island.com\/es\/#\/schema\/logo\/image\/"},"sameAs":["https:\/\/www.facebook.com\/smoke.island.gmbh","https:\/\/www.instagram.com\/smokeislandofficial\/"]}]}},"_links":{"self":[{"href":"https:\/\/smoke-island.com\/es\/wp-json\/wp\/v2\/pages\/3001","targetHints":{"allow":["GET"]}}],"collection":[{"href":"https:\/\/smoke-island.com\/es\/wp-json\/wp\/v2\/pages"}],"about":[{"href":"https:\/\/smoke-island.com\/es\/wp-json\/wp\/v2\/types\/page"}],"author":[{"embeddable":true,"href":"https:\/\/smoke-island.com\/es\/wp-json\/wp\/v2\/users\/1"}],"replies":[{"embeddable":true,"href":"https:\/\/smoke-island.com\/es\/wp-json\/wp\/v2\/comments?post=3001"}],"version-history":[{"count":2,"href":"https:\/\/smoke-island.com\/es\/wp-json\/wp\/v2\/pages\/3001\/revisions"}],"predecessor-version":[{"id":3003,"href":"https:\/\/smoke-island.com\/es\/wp-json\/wp\/v2\/pages\/3001\/revisions\/3003"}],"wp:attachment":[{"href":"https:\/\/smoke-island.com\/es\/wp-json\/wp\/v2\/media?parent=3001"}],"curies":[{"name":"wp","href":"https:\/\/api.w.org\/{rel}","templated":true}]}}