{"id":2992,"date":"2025-02-22T10:51:26","date_gmt":"2025-02-22T10:51:26","guid":{"rendered":"https:\/\/smoke-island.com\/mentions-legales\/"},"modified":"2025-05-15T22:27:30","modified_gmt":"2025-05-15T22:27:30","slug":"mentions-legales","status":"publish","type":"page","link":"https:\/\/smoke-island.com\/fr\/mentions-legales\/","title":{"rendered":"Mentions l\u00e9gales"},"content":{"rendered":"\t\t<div data-elementor-type=\"wp-page\" data-elementor-id=\"2992\" class=\"elementor elementor-2992 elementor-14\" data-elementor-post-type=\"page\">\n\t\t\t\t<div class=\"elementor-element elementor-element-c5a1db0 e-flex e-con-boxed e-con e-parent\" data-id=\"c5a1db0\" data-element_type=\"container\" data-e-type=\"container\">\n\t\t\t\t\t<div class=\"e-con-inner\">\n\t\t\t\t<div class=\"elementor-element elementor-element-7a9215b elementor-widget elementor-widget-spacer\" data-id=\"7a9215b\" data-element_type=\"widget\" data-e-type=\"widget\" data-widget_type=\"spacer.default\">\n\t\t\t\t<div class=\"elementor-widget-container\">\n\t\t\t\t\t\t\t<div class=\"elementor-spacer\">\n\t\t\t<div class=\"elementor-spacer-inner\"><\/div>\n\t\t<\/div>\n\t\t\t\t\t\t<\/div>\n\t\t\t\t<\/div>\n\t\t\t\t<div class=\"elementor-element elementor-element-faa5968 elementor-widget elementor-widget-heading\" data-id=\"faa5968\" data-element_type=\"widget\" data-e-type=\"widget\" data-widget_type=\"heading.default\">\n\t\t\t\t<div class=\"elementor-widget-container\">\n\t\t\t\t\t<h2 class=\"elementor-heading-title elementor-size-default\">Mentions l\u00e9gales<\/h2>\t\t\t\t<\/div>\n\t\t\t\t<\/div>\n\t\t\t\t<div class=\"elementor-element elementor-element-c2d2788 elementor-widget elementor-widget-text-editor\" data-id=\"c2d2788\" data-element_type=\"widget\" data-e-type=\"widget\" data-widget_type=\"text-editor.default\">\n\t\t\t\t<div class=\"elementor-widget-container\">\n\t\t\t\t\t\t\t\t\t<h2>Propri\u00e9taire : Deniz Celik<\/h2><p>Num\u00e9ro de brevet : 10 2019 132 628<\/p><p> <\/p><h3>Identification l\u00e9gale du fournisseur :<\/h3><p>Smoke Island GmbH<\/p><p>cette repr\u00e9sent. d. d. Directeur g\u00e9n\u00e9ral Atahan Kaan<br>Diebacher Str. 11c<br>90449 Nuremberg<br>Allemagne<\/p><p>T\u00e9l\u00e9phone : 091161042084<br>T\u00e9l\u00e9copieur : 091137718671<\/p><p>Courrier \u00e9lectronique : info@smoke-island.de<\/p><p>Num\u00e9ro de TVA : DE327441150<\/p><p>inscrite au registre du commerce du tribunal d&rsquo;instance de Nuremberg<br>num\u00e9ro de registre du commerce HRB 36916<\/p><p>R\u00e8glement alternatif des litiges :<br>La Commission europ\u00e9enne met \u00e0 disposition une plateforme de r\u00e8glement extrajudiciaire des litiges en ligne (plateforme RLL), disponible \u00e0 l&rsquo;adresse <a href=\"https:\/\/ec.europa.eu\/odr\">suivante : https:\/\/ec.europa.eu\/odr.<\/a><\/p><p>Nous sommes membres de l&rsquo;initiative \u00ab\u00a0FairCommerce\u00a0\u00bb depuis le 24.03.2021.<br>Vous trouverez de plus amples informations \u00e0 ce sujet sur <a href=\"http:\/\/www.haendlerbund.de\/faircommerce.\">www.haendlerbund.de\/faircommerce.<\/a><\/p>\t\t\t\t\t\t\t\t<\/div>\n\t\t\t\t<\/div>\n\t\t\t\t<div class=\"elementor-element elementor-element-167a005 elementor-widget elementor-widget-spacer\" data-id=\"167a005\" data-element_type=\"widget\" data-e-type=\"widget\" data-widget_type=\"spacer.default\">\n\t\t\t\t<div class=\"elementor-widget-container\">\n\t\t\t\t\t\t\t<div class=\"elementor-spacer\">\n\t\t\t<div class=\"elementor-spacer-inner\"><\/div>\n\t\t<\/div>\n\t\t\t\t\t\t<\/div>\n\t\t\t\t<\/div>\n\t\t\t\t\t<\/div>\n\t\t\t\t<\/div>\n\t\t\t\t<\/div>\n\t\t","protected":false},"excerpt":{"rendered":"<p>Mentions l\u00e9gales Propri\u00e9taire : Deniz Celik Num\u00e9ro de brevet : 10 2019 132 628 Identification l\u00e9gale du fournisseur : Smoke Island GmbH cette repr\u00e9sent. d. d. Directeur g\u00e9n\u00e9ral Atahan KaanDiebacher Str. 11c90449 NurembergAllemagne T\u00e9l\u00e9phone : 091161042084T\u00e9l\u00e9copieur : 091137718671 Courrier \u00e9lectronique : info@smoke-island.de Num\u00e9ro de TVA : DE327441150 inscrite au registre du commerce du tribunal d&rsquo;instance [&hellip;]<\/p>\n","protected":false},"author":1,"featured_media":0,"parent":0,"menu_order":0,"comment_status":"closed","ping_status":"closed","template":"elementor_header_footer","meta":{"footnotes":""},"class_list":["post-2992","page","type-page","status-publish","hentry"],"yoast_head":"<!-- This site is optimized with the Yoast SEO plugin v26.5 - https:\/\/yoast.com\/wordpress\/plugins\/seo\/ -->\n<title>Mentions l\u00e9gales - smoke-island.com<\/title>\n<meta name=\"robots\" content=\"index, follow, max-snippet:-1, max-image-preview:large, max-video-preview:-1\" \/>\n<link rel=\"canonical\" href=\"https:\/\/smoke-island.com\/fr\/mentions-legales\/\" \/>\n<meta property=\"og:locale\" content=\"fr_FR\" \/>\n<meta property=\"og:type\" content=\"article\" \/>\n<meta property=\"og:title\" content=\"Mentions l\u00e9gales - smoke-island.com\" \/>\n<meta property=\"og:description\" content=\"Mentions l\u00e9gales Propri\u00e9taire : Deniz Celik Num\u00e9ro de brevet : 10 2019 132 628 Identification l\u00e9gale du fournisseur : Smoke Island GmbH cette repr\u00e9sent. d. d. Directeur g\u00e9n\u00e9ral Atahan KaanDiebacher Str. 11c90449 NurembergAllemagne T\u00e9l\u00e9phone : 091161042084T\u00e9l\u00e9copieur : 091137718671 Courrier \u00e9lectronique : info@smoke-island.de Num\u00e9ro de TVA : DE327441150 inscrite au registre du commerce du tribunal d&rsquo;instance [&hellip;]\" \/>\n<meta property=\"og:url\" content=\"https:\/\/smoke-island.com\/fr\/mentions-legales\/\" \/>\n<meta property=\"og:site_name\" content=\"smoke-island.com\" \/>\n<meta property=\"article:publisher\" content=\"https:\/\/www.facebook.com\/smoke.island.gmbh\" \/>\n<meta property=\"article:modified_time\" content=\"2025-05-15T22:27:30+00:00\" \/>\n<meta name=\"twitter:card\" content=\"summary_large_image\" \/>\n<meta name=\"twitter:label1\" content=\"Dur\u00e9e de lecture estim\u00e9e\" \/>\n\t<meta name=\"twitter:data1\" content=\"1 minute\" \/>\n<script type=\"application\/ld+json\" class=\"yoast-schema-graph\">{\"@context\":\"https:\/\/schema.org\",\"@graph\":[{\"@type\":\"WebPage\",\"@id\":\"https:\/\/smoke-island.com\/fr\/mentions-legales\/\",\"url\":\"https:\/\/smoke-island.com\/fr\/mentions-legales\/\",\"name\":\"Mentions l\u00e9gales - smoke-island.com\",\"isPartOf\":{\"@id\":\"https:\/\/smoke-island.com\/es\/#website\"},\"datePublished\":\"2025-02-22T10:51:26+00:00\",\"dateModified\":\"2025-05-15T22:27:30+00:00\",\"breadcrumb\":{\"@id\":\"https:\/\/smoke-island.com\/fr\/mentions-legales\/#breadcrumb\"},\"inLanguage\":\"fr-FR\",\"potentialAction\":[{\"@type\":\"ReadAction\",\"target\":[\"https:\/\/smoke-island.com\/fr\/mentions-legales\/\"]}]},{\"@type\":\"BreadcrumbList\",\"@id\":\"https:\/\/smoke-island.com\/fr\/mentions-legales\/#breadcrumb\",\"itemListElement\":[{\"@type\":\"ListItem\",\"position\":1,\"name\":\"Startseite\",\"item\":\"https:\/\/smoke-island.com\/fr\/page-daccueil\/\"},{\"@type\":\"ListItem\",\"position\":2,\"name\":\"Mentions l\u00e9gales\"}]},{\"@type\":\"WebSite\",\"@id\":\"https:\/\/smoke-island.com\/es\/#website\",\"url\":\"https:\/\/smoke-island.com\/es\/\",\"name\":\"smoke-island.com\",\"description\":\"\",\"publisher\":{\"@id\":\"https:\/\/smoke-island.com\/es\/#organization\"},\"potentialAction\":[{\"@type\":\"SearchAction\",\"target\":{\"@type\":\"EntryPoint\",\"urlTemplate\":\"https:\/\/smoke-island.com\/es\/?s={search_term_string}\"},\"query-input\":{\"@type\":\"PropertyValueSpecification\",\"valueRequired\":true,\"valueName\":\"search_term_string\"}}],\"inLanguage\":\"fr-FR\"},{\"@type\":\"Organization\",\"@id\":\"https:\/\/smoke-island.com\/es\/#organization\",\"name\":\"Smoke Island\",\"url\":\"https:\/\/smoke-island.com\/es\/\",\"logo\":{\"@type\":\"ImageObject\",\"inLanguage\":\"fr-FR\",\"@id\":\"https:\/\/smoke-island.com\/es\/#\/schema\/logo\/image\/\",\"url\":\"https:\/\/smoke-island.com\/wp-content\/uploads\/2025\/04\/faviconsmokeisland.png\",\"contentUrl\":\"https:\/\/smoke-island.com\/wp-content\/uploads\/2025\/04\/faviconsmokeisland.png\",\"width\":300,\"height\":300,\"caption\":\"Smoke Island\"},\"image\":{\"@id\":\"https:\/\/smoke-island.com\/es\/#\/schema\/logo\/image\/\"},\"sameAs\":[\"https:\/\/www.facebook.com\/smoke.island.gmbh\",\"https:\/\/www.instagram.com\/smokeislandofficial\/\"]}]}<\/script>\n<!-- \/ Yoast SEO plugin. -->","yoast_head_json":{"title":"Mentions l\u00e9gales - smoke-island.com","robots":{"index":"index","follow":"follow","max-snippet":"max-snippet:-1","max-image-preview":"max-image-preview:large","max-video-preview":"max-video-preview:-1"},"canonical":"https:\/\/smoke-island.com\/fr\/mentions-legales\/","og_locale":"fr_FR","og_type":"article","og_title":"Mentions l\u00e9gales - smoke-island.com","og_description":"Mentions l\u00e9gales Propri\u00e9taire : Deniz Celik Num\u00e9ro de brevet : 10 2019 132 628 Identification l\u00e9gale du fournisseur : Smoke Island GmbH cette repr\u00e9sent. d. d. Directeur g\u00e9n\u00e9ral Atahan KaanDiebacher Str. 11c90449 NurembergAllemagne T\u00e9l\u00e9phone : 091161042084T\u00e9l\u00e9copieur : 091137718671 Courrier \u00e9lectronique : info@smoke-island.de Num\u00e9ro de TVA : DE327441150 inscrite au registre du commerce du tribunal d&rsquo;instance [&hellip;]","og_url":"https:\/\/smoke-island.com\/fr\/mentions-legales\/","og_site_name":"smoke-island.com","article_publisher":"https:\/\/www.facebook.com\/smoke.island.gmbh","article_modified_time":"2025-05-15T22:27:30+00:00","twitter_card":"summary_large_image","twitter_misc":{"Dur\u00e9e de lecture estim\u00e9e":"1 minute"},"schema":{"@context":"https:\/\/schema.org","@graph":[{"@type":"WebPage","@id":"https:\/\/smoke-island.com\/fr\/mentions-legales\/","url":"https:\/\/smoke-island.com\/fr\/mentions-legales\/","name":"Mentions l\u00e9gales - smoke-island.com","isPartOf":{"@id":"https:\/\/smoke-island.com\/es\/#website"},"datePublished":"2025-02-22T10:51:26+00:00","dateModified":"2025-05-15T22:27:30+00:00","breadcrumb":{"@id":"https:\/\/smoke-island.com\/fr\/mentions-legales\/#breadcrumb"},"inLanguage":"fr-FR","potentialAction":[{"@type":"ReadAction","target":["https:\/\/smoke-island.com\/fr\/mentions-legales\/"]}]},{"@type":"BreadcrumbList","@id":"https:\/\/smoke-island.com\/fr\/mentions-legales\/#breadcrumb","itemListElement":[{"@type":"ListItem","position":1,"name":"Startseite","item":"https:\/\/smoke-island.com\/fr\/page-daccueil\/"},{"@type":"ListItem","position":2,"name":"Mentions l\u00e9gales"}]},{"@type":"WebSite","@id":"https:\/\/smoke-island.com\/es\/#website","url":"https:\/\/smoke-island.com\/es\/","name":"smoke-island.com","description":"","publisher":{"@id":"https:\/\/smoke-island.com\/es\/#organization"},"potentialAction":[{"@type":"SearchAction","target":{"@type":"EntryPoint","urlTemplate":"https:\/\/smoke-island.com\/es\/?s={search_term_string}"},"query-input":{"@type":"PropertyValueSpecification","valueRequired":true,"valueName":"search_term_string"}}],"inLanguage":"fr-FR"},{"@type":"Organization","@id":"https:\/\/smoke-island.com\/es\/#organization","name":"Smoke Island","url":"https:\/\/smoke-island.com\/es\/","logo":{"@type":"ImageObject","inLanguage":"fr-FR","@id":"https:\/\/smoke-island.com\/es\/#\/schema\/logo\/image\/","url":"https:\/\/smoke-island.com\/wp-content\/uploads\/2025\/04\/faviconsmokeisland.png","contentUrl":"https:\/\/smoke-island.com\/wp-content\/uploads\/2025\/04\/faviconsmokeisland.png","width":300,"height":300,"caption":"Smoke Island"},"image":{"@id":"https:\/\/smoke-island.com\/es\/#\/schema\/logo\/image\/"},"sameAs":["https:\/\/www.facebook.com\/smoke.island.gmbh","https:\/\/www.instagram.com\/smokeislandofficial\/"]}]}},"_links":{"self":[{"href":"https:\/\/smoke-island.com\/fr\/wp-json\/wp\/v2\/pages\/2992","targetHints":{"allow":["GET"]}}],"collection":[{"href":"https:\/\/smoke-island.com\/fr\/wp-json\/wp\/v2\/pages"}],"about":[{"href":"https:\/\/smoke-island.com\/fr\/wp-json\/wp\/v2\/types\/page"}],"author":[{"embeddable":true,"href":"https:\/\/smoke-island.com\/fr\/wp-json\/wp\/v2\/users\/1"}],"replies":[{"embeddable":true,"href":"https:\/\/smoke-island.com\/fr\/wp-json\/wp\/v2\/comments?post=2992"}],"version-history":[{"count":2,"href":"https:\/\/smoke-island.com\/fr\/wp-json\/wp\/v2\/pages\/2992\/revisions"}],"predecessor-version":[{"id":2998,"href":"https:\/\/smoke-island.com\/fr\/wp-json\/wp\/v2\/pages\/2992\/revisions\/2998"}],"wp:attachment":[{"href":"https:\/\/smoke-island.com\/fr\/wp-json\/wp\/v2\/media?parent=2992"}],"curies":[{"name":"wp","href":"https:\/\/api.w.org\/{rel}","templated":true}]}}