{"id":2993,"date":"2025-02-22T10:51:26","date_gmt":"2025-02-22T10:51:26","guid":{"rendered":"https:\/\/smoke-island.com\/modes-dexpedition\/"},"modified":"2025-05-15T22:27:30","modified_gmt":"2025-05-15T22:27:30","slug":"modes-dexpedition","status":"publish","type":"page","link":"https:\/\/smoke-island.com\/fr\/modes-dexpedition\/","title":{"rendered":"Modes d&rsquo;exp\u00e9dition"},"content":{"rendered":"\t\t<div data-elementor-type=\"wp-page\" data-elementor-id=\"2993\" class=\"elementor elementor-2993 elementor-18\" data-elementor-post-type=\"page\">\n\t\t\t\t<div class=\"elementor-element elementor-element-f728b81 e-flex e-con-boxed e-con e-parent\" data-id=\"f728b81\" data-element_type=\"container\" data-e-type=\"container\">\n\t\t\t\t\t<div class=\"e-con-inner\">\n\t\t\t\t<div class=\"elementor-element elementor-element-7557eea elementor-widget elementor-widget-spacer\" data-id=\"7557eea\" data-element_type=\"widget\" data-e-type=\"widget\" data-widget_type=\"spacer.default\">\n\t\t\t\t<div class=\"elementor-widget-container\">\n\t\t\t\t\t\t\t<div class=\"elementor-spacer\">\n\t\t\t<div class=\"elementor-spacer-inner\"><\/div>\n\t\t<\/div>\n\t\t\t\t\t\t<\/div>\n\t\t\t\t<\/div>\n\t\t\t\t<div class=\"elementor-element elementor-element-1895153 elementor-widget elementor-widget-heading\" data-id=\"1895153\" data-element_type=\"widget\" data-e-type=\"widget\" data-widget_type=\"heading.default\">\n\t\t\t\t<div class=\"elementor-widget-container\">\n\t\t\t\t\t<h2 class=\"elementor-heading-title elementor-size-default\">Informations sur l'exp\u00e9dition<\/h2>\t\t\t\t<\/div>\n\t\t\t\t<\/div>\n\t\t\t\t<div class=\"elementor-element elementor-element-5b31fa6 elementor-widget elementor-widget-text-editor\" data-id=\"5b31fa6\" data-element_type=\"widget\" data-e-type=\"widget\" data-widget_type=\"text-editor.default\">\n\t\t\t\t<div class=\"elementor-widget-container\">\n\t\t\t\t\t\t\t\t\t<p> <\/p><h2>Conditions d&rsquo;exp\u00e9dition<\/h2><p>La livraison des marchandises s&rsquo;effectue dans toute l&rsquo;Allemagne<\/p><h3>Frais de livraison en Allemagne (TVA incluse)<\/h3><p>DHL &#8211; 8,99 \u20ac<br>Livraison gratuite &#8211; \u00e0 partir de 100,00 \u20ac d&rsquo;achat<\/p><h3>Livraisons UE &#8211; non UE :<\/h3><p>UPS &#8211; 10,99 \u20ac (EU)<\/p><p>UPS &#8211; 19,99 \u20ac (hors UE)<\/p><h2>D\u00e9lais de livraison<\/h2><p>Si aucun autre d\u00e9lai n&rsquo;est indiqu\u00e9 dans l&rsquo;offre correspondante, la livraison de la marchandise s&rsquo;effectue dans un d\u00e9lai de 2 \u00e0 5 jours ouvrables en Allemagne, et dans un d\u00e9lai de 5 \u00e0 15 jours ouvrables pour les livraisons \u00e0 l&rsquo;\u00e9tranger (selon le pays).<\/p><p>Toutes les commandes pass\u00e9es avant 17h00 sont exp\u00e9di\u00e9es le lendemain.<\/p><p>Notez qu&rsquo;il n&rsquo;y a pas de livraison ni d&rsquo;exp\u00e9dition le dimanche et les jours f\u00e9ri\u00e9s.<\/p><p>Les frais de livraison ne peuvent \u00eatre d\u00e9termin\u00e9s que lorsque des articles se trouvent dans le panier.<\/p>\t\t\t\t\t\t\t\t<\/div>\n\t\t\t\t<\/div>\n\t\t\t\t<div class=\"elementor-element elementor-element-e0a6234 elementor-widget elementor-widget-spacer\" data-id=\"e0a6234\" data-element_type=\"widget\" data-e-type=\"widget\" data-widget_type=\"spacer.default\">\n\t\t\t\t<div class=\"elementor-widget-container\">\n\t\t\t\t\t\t\t<div class=\"elementor-spacer\">\n\t\t\t<div class=\"elementor-spacer-inner\"><\/div>\n\t\t<\/div>\n\t\t\t\t\t\t<\/div>\n\t\t\t\t<\/div>\n\t\t\t\t\t<\/div>\n\t\t\t\t<\/div>\n\t\t\t\t<\/div>\n\t\t","protected":false},"excerpt":{"rendered":"<p>Informations sur l&rsquo;exp\u00e9dition Conditions d&rsquo;exp\u00e9dition La livraison des marchandises s&rsquo;effectue dans toute l&rsquo;Allemagne Frais de livraison en Allemagne (TVA incluse) DHL &#8211; 8,99 \u20acLivraison gratuite &#8211; \u00e0 partir de 100,00 \u20ac d&rsquo;achat Livraisons UE &#8211; non UE : UPS &#8211; 10,99 \u20ac (EU) UPS &#8211; 19,99 \u20ac (hors UE) D\u00e9lais de livraison Si aucun autre [&hellip;]<\/p>\n","protected":false},"author":1,"featured_media":0,"parent":0,"menu_order":0,"comment_status":"closed","ping_status":"closed","template":"elementor_header_footer","meta":{"footnotes":""},"class_list":["post-2993","page","type-page","status-publish","hentry"],"yoast_head":"<!-- This site is optimized with the Yoast SEO plugin v26.5 - https:\/\/yoast.com\/wordpress\/plugins\/seo\/ -->\n<title>Modes d&#039;exp\u00e9dition - smoke-island.com<\/title>\n<meta name=\"robots\" content=\"index, follow, max-snippet:-1, max-image-preview:large, max-video-preview:-1\" \/>\n<link rel=\"canonical\" href=\"https:\/\/smoke-island.com\/fr\/modes-dexpedition\/\" \/>\n<meta property=\"og:locale\" content=\"fr_FR\" \/>\n<meta property=\"og:type\" content=\"article\" \/>\n<meta property=\"og:title\" content=\"Modes d&#039;exp\u00e9dition - smoke-island.com\" \/>\n<meta property=\"og:description\" content=\"Informations sur l&rsquo;exp\u00e9dition Conditions d&rsquo;exp\u00e9dition La livraison des marchandises s&rsquo;effectue dans toute l&rsquo;Allemagne Frais de livraison en Allemagne (TVA incluse) DHL &#8211; 8,99 \u20acLivraison gratuite &#8211; \u00e0 partir de 100,00 \u20ac d&rsquo;achat Livraisons UE &#8211; non UE : UPS &#8211; 10,99 \u20ac (EU) UPS &#8211; 19,99 \u20ac (hors UE) D\u00e9lais de livraison Si aucun autre [&hellip;]\" \/>\n<meta property=\"og:url\" content=\"https:\/\/smoke-island.com\/fr\/modes-dexpedition\/\" \/>\n<meta property=\"og:site_name\" content=\"smoke-island.com\" \/>\n<meta property=\"article:publisher\" content=\"https:\/\/www.facebook.com\/smoke.island.gmbh\" \/>\n<meta property=\"article:modified_time\" content=\"2025-05-15T22:27:30+00:00\" \/>\n<meta name=\"twitter:card\" content=\"summary_large_image\" \/>\n<meta name=\"twitter:label1\" content=\"Dur\u00e9e de lecture estim\u00e9e\" \/>\n\t<meta name=\"twitter:data1\" content=\"1 minute\" \/>\n<script type=\"application\/ld+json\" class=\"yoast-schema-graph\">{\"@context\":\"https:\/\/schema.org\",\"@graph\":[{\"@type\":\"WebPage\",\"@id\":\"https:\/\/smoke-island.com\/fr\/modes-dexpedition\/\",\"url\":\"https:\/\/smoke-island.com\/fr\/modes-dexpedition\/\",\"name\":\"Modes d'exp\u00e9dition - smoke-island.com\",\"isPartOf\":{\"@id\":\"https:\/\/smoke-island.com\/es\/#website\"},\"datePublished\":\"2025-02-22T10:51:26+00:00\",\"dateModified\":\"2025-05-15T22:27:30+00:00\",\"breadcrumb\":{\"@id\":\"https:\/\/smoke-island.com\/fr\/modes-dexpedition\/#breadcrumb\"},\"inLanguage\":\"fr-FR\",\"potentialAction\":[{\"@type\":\"ReadAction\",\"target\":[\"https:\/\/smoke-island.com\/fr\/modes-dexpedition\/\"]}]},{\"@type\":\"BreadcrumbList\",\"@id\":\"https:\/\/smoke-island.com\/fr\/modes-dexpedition\/#breadcrumb\",\"itemListElement\":[{\"@type\":\"ListItem\",\"position\":1,\"name\":\"Startseite\",\"item\":\"https:\/\/smoke-island.com\/fr\/page-daccueil\/\"},{\"@type\":\"ListItem\",\"position\":2,\"name\":\"Modes d&#8217;exp\u00e9dition\"}]},{\"@type\":\"WebSite\",\"@id\":\"https:\/\/smoke-island.com\/es\/#website\",\"url\":\"https:\/\/smoke-island.com\/es\/\",\"name\":\"smoke-island.com\",\"description\":\"\",\"publisher\":{\"@id\":\"https:\/\/smoke-island.com\/es\/#organization\"},\"potentialAction\":[{\"@type\":\"SearchAction\",\"target\":{\"@type\":\"EntryPoint\",\"urlTemplate\":\"https:\/\/smoke-island.com\/es\/?s={search_term_string}\"},\"query-input\":{\"@type\":\"PropertyValueSpecification\",\"valueRequired\":true,\"valueName\":\"search_term_string\"}}],\"inLanguage\":\"fr-FR\"},{\"@type\":\"Organization\",\"@id\":\"https:\/\/smoke-island.com\/es\/#organization\",\"name\":\"Smoke Island\",\"url\":\"https:\/\/smoke-island.com\/es\/\",\"logo\":{\"@type\":\"ImageObject\",\"inLanguage\":\"fr-FR\",\"@id\":\"https:\/\/smoke-island.com\/es\/#\/schema\/logo\/image\/\",\"url\":\"https:\/\/smoke-island.com\/wp-content\/uploads\/2025\/04\/faviconsmokeisland.png\",\"contentUrl\":\"https:\/\/smoke-island.com\/wp-content\/uploads\/2025\/04\/faviconsmokeisland.png\",\"width\":300,\"height\":300,\"caption\":\"Smoke Island\"},\"image\":{\"@id\":\"https:\/\/smoke-island.com\/es\/#\/schema\/logo\/image\/\"},\"sameAs\":[\"https:\/\/www.facebook.com\/smoke.island.gmbh\",\"https:\/\/www.instagram.com\/smokeislandofficial\/\"]}]}<\/script>\n<!-- \/ Yoast SEO plugin. -->","yoast_head_json":{"title":"Modes d'exp\u00e9dition - smoke-island.com","robots":{"index":"index","follow":"follow","max-snippet":"max-snippet:-1","max-image-preview":"max-image-preview:large","max-video-preview":"max-video-preview:-1"},"canonical":"https:\/\/smoke-island.com\/fr\/modes-dexpedition\/","og_locale":"fr_FR","og_type":"article","og_title":"Modes d'exp\u00e9dition - smoke-island.com","og_description":"Informations sur l&rsquo;exp\u00e9dition Conditions d&rsquo;exp\u00e9dition La livraison des marchandises s&rsquo;effectue dans toute l&rsquo;Allemagne Frais de livraison en Allemagne (TVA incluse) DHL &#8211; 8,99 \u20acLivraison gratuite &#8211; \u00e0 partir de 100,00 \u20ac d&rsquo;achat Livraisons UE &#8211; non UE : UPS &#8211; 10,99 \u20ac (EU) UPS &#8211; 19,99 \u20ac (hors UE) D\u00e9lais de livraison Si aucun autre [&hellip;]","og_url":"https:\/\/smoke-island.com\/fr\/modes-dexpedition\/","og_site_name":"smoke-island.com","article_publisher":"https:\/\/www.facebook.com\/smoke.island.gmbh","article_modified_time":"2025-05-15T22:27:30+00:00","twitter_card":"summary_large_image","twitter_misc":{"Dur\u00e9e de lecture estim\u00e9e":"1 minute"},"schema":{"@context":"https:\/\/schema.org","@graph":[{"@type":"WebPage","@id":"https:\/\/smoke-island.com\/fr\/modes-dexpedition\/","url":"https:\/\/smoke-island.com\/fr\/modes-dexpedition\/","name":"Modes d'exp\u00e9dition - smoke-island.com","isPartOf":{"@id":"https:\/\/smoke-island.com\/es\/#website"},"datePublished":"2025-02-22T10:51:26+00:00","dateModified":"2025-05-15T22:27:30+00:00","breadcrumb":{"@id":"https:\/\/smoke-island.com\/fr\/modes-dexpedition\/#breadcrumb"},"inLanguage":"fr-FR","potentialAction":[{"@type":"ReadAction","target":["https:\/\/smoke-island.com\/fr\/modes-dexpedition\/"]}]},{"@type":"BreadcrumbList","@id":"https:\/\/smoke-island.com\/fr\/modes-dexpedition\/#breadcrumb","itemListElement":[{"@type":"ListItem","position":1,"name":"Startseite","item":"https:\/\/smoke-island.com\/fr\/page-daccueil\/"},{"@type":"ListItem","position":2,"name":"Modes d&#8217;exp\u00e9dition"}]},{"@type":"WebSite","@id":"https:\/\/smoke-island.com\/es\/#website","url":"https:\/\/smoke-island.com\/es\/","name":"smoke-island.com","description":"","publisher":{"@id":"https:\/\/smoke-island.com\/es\/#organization"},"potentialAction":[{"@type":"SearchAction","target":{"@type":"EntryPoint","urlTemplate":"https:\/\/smoke-island.com\/es\/?s={search_term_string}"},"query-input":{"@type":"PropertyValueSpecification","valueRequired":true,"valueName":"search_term_string"}}],"inLanguage":"fr-FR"},{"@type":"Organization","@id":"https:\/\/smoke-island.com\/es\/#organization","name":"Smoke Island","url":"https:\/\/smoke-island.com\/es\/","logo":{"@type":"ImageObject","inLanguage":"fr-FR","@id":"https:\/\/smoke-island.com\/es\/#\/schema\/logo\/image\/","url":"https:\/\/smoke-island.com\/wp-content\/uploads\/2025\/04\/faviconsmokeisland.png","contentUrl":"https:\/\/smoke-island.com\/wp-content\/uploads\/2025\/04\/faviconsmokeisland.png","width":300,"height":300,"caption":"Smoke Island"},"image":{"@id":"https:\/\/smoke-island.com\/es\/#\/schema\/logo\/image\/"},"sameAs":["https:\/\/www.facebook.com\/smoke.island.gmbh","https:\/\/www.instagram.com\/smokeislandofficial\/"]}]}},"_links":{"self":[{"href":"https:\/\/smoke-island.com\/fr\/wp-json\/wp\/v2\/pages\/2993","targetHints":{"allow":["GET"]}}],"collection":[{"href":"https:\/\/smoke-island.com\/fr\/wp-json\/wp\/v2\/pages"}],"about":[{"href":"https:\/\/smoke-island.com\/fr\/wp-json\/wp\/v2\/types\/page"}],"author":[{"embeddable":true,"href":"https:\/\/smoke-island.com\/fr\/wp-json\/wp\/v2\/users\/1"}],"replies":[{"embeddable":true,"href":"https:\/\/smoke-island.com\/fr\/wp-json\/wp\/v2\/comments?post=2993"}],"version-history":[{"count":2,"href":"https:\/\/smoke-island.com\/fr\/wp-json\/wp\/v2\/pages\/2993\/revisions"}],"predecessor-version":[{"id":2999,"href":"https:\/\/smoke-island.com\/fr\/wp-json\/wp\/v2\/pages\/2993\/revisions\/2999"}],"wp:attachment":[{"href":"https:\/\/smoke-island.com\/fr\/wp-json\/wp\/v2\/media?parent=2993"}],"curies":[{"name":"wp","href":"https:\/\/api.w.org\/{rel}","templated":true}]}}